	{"id":665,"date":"2025-09-08T10:07:10","date_gmt":"2025-09-08T08:07:10","guid":{"rendered":"https:\/\/airvance-solutions.be\/registre-des-installateurs\/"},"modified":"2026-01-06T11:56:37","modified_gmt":"2026-01-06T10:56:37","slug":"registre-des-installateurs","status":"publish","type":"page","link":"https:\/\/airvance-solutions.be\/fr\/registre-des-installateurs\/","title":{"rendered":"Registre des installateurs"},"content":{"rendered":"<div class=\"et_pb_section_0 et_pb_section et_section_regular et_flex_section\">\n<div class=\"et_pb_row_0 et_pb_row et_flex_row\">\n<div class=\"et_pb_column_0 et_pb_column et-last-child et_flex_column et_pb_css_mix_blend_mode_passthrough et_flex_column_24_24 et_flex_column_24_24_tablet et_flex_column_24_24_phone\">\n<div class=\"et_pb_text_0 et_pb_text et_pb_bg_layout_light et_pb_module et_block_module\"><div class=\"et_pb_text_inner\"><h5><span>Devenez partenaire certifi\u00e9<\/span><\/h5>\n<p><span>En tant qu\u2019installateur certifi\u00e9 en technique frigorifique, vous m\u00e9ritez un partenaire fiable qui vous soutient avec des produits de qualit\u00e9, une expertise technique et des outils commerciaux. Chez Airvance Solutions, nous vous donnons acc\u00e8s \u00e0 nos trois marques fortes : R-AQUA, R-4LIVING et Fujitsu Airstage. Un partenariat qui va au-del\u00e0 de la simple livraison de produits.  <\/span><\/p>\n<\/div><\/div>\n\n<div class=\"et_pb_text_1 et_pb_text et_pb_bg_layout_light et_pb_module et_block_module\"><div class=\"et_pb_text_inner\">\t<div class='user-registration ur-frontend-form   ' id='user-registration-form-473'>\n\t\t\t\t\t\t\t\t<form method='post' class='register' data-form-id=\"473\"\n\t\t\t\tdata-enable-strength-password=\"1\" data-minimum-password-strength=\"3\"\n\t\t\t\t\t\t\t\t\t\t\t\t\t\t\t \"enctype=multipart\/form-data\" data-captcha-enabled=\"1\">\n\n\t\t\t\t<div class=\"ur-form-row\" data-row-id=\"0\">\t\t\t\t\t\t\t<div class=\"ur-form-grid ur-grid-1\"\n\t\t\t\t\t\t\t\tstyle=\"width:48%\">\n\t\t\t\t\t\t\t\t\t\t\t\t\t\t\t\t<div  data-field-id=\"register_title\" class=\"ur-field-item field-section_title \" data-ref-id=\"register_title\" data-field-pattern-enabled=\"0\" data-field-pattern-value=\" \" data-field-pattern-message=\" \">\n\t\t\t\t\t\t\t\t\t\t<h2 id=\"register_title\">D\u00e9tails de l&#039;entreprise<\/h2> <input type=\"hidden\" data-rules=\"\" data-id=\"register_title\" value=\"\" class=\" ur-frontend-field  \" name=\"register_title\" id=\"register_title\" \/> \t\t\t\t\t\t\t\t\t<\/div>\n\t\t\t\t\t\t\t\t\t\t\t\t\t\t\t\t\t\t<div  data-field-id=\"ur_company_name\" class=\"ur-field-item field-text \" data-ref-id=\"ur_company_name\" data-field-pattern-enabled=\"0\" data-field-pattern-value=\" \" data-field-pattern-message=\"Ongeldige bedrijfsnaam\">\n\t\t\t\t\t\t\t\t\t\t<div class=\"form-row validate-required\" id=\"ur_company_name_field\" data-priority=\"\" ><label for=\"ur_company_name\" class=\"ur-label\">Nom d\u2019entreprise* <abbr class=\"required\" title=\"required\">*<\/abbr><\/label> <span class=\"input-wrapper\"> <input  data-rules=\"\" data-id=\"ur_company_name\" type=\"text\" class=\"input-text  without_icon input-text ur-frontend-field  \" name=\"ur_company_name\" id=\"ur_company_name\" placeholder=\"\"  value=\"\" required=\"required\" data-label=\"Nom d\u2019entreprise*\" minlength=\"2\" \/> <\/span> <\/div>\t\t\t\t\t\t\t\t\t<\/div>\n\t\t\t\t\t\t\t\t\t\t\t\t\t\t\t\t\t\t<div  data-field-id=\"ur_installer_clientnr\" class=\"ur-field-item field-text \" data-ref-id=\"ur_installer_clientnr\" data-field-pattern-enabled=\"0\" data-field-pattern-value=\" \" data-field-pattern-message=\"Please provide a valid value for this field.\">\n\t\t\t\t\t\t\t\t\t\t<div class=\"form-row \" id=\"ur_installer_clientnr_field\" data-priority=\"\" ><label for=\"ur_installer_clientnr\" class=\"ur-label\">Num\u00e9ro de client CAIROX BELGIUM<\/label> <span class=\"input-wrapper\"> <input  data-rules=\"\" data-id=\"ur_installer_clientnr\" type=\"text\" class=\"input-text  without_icon input-text ur-frontend-field  \" name=\"ur_installer_clientnr\" id=\"ur_installer_clientnr\" placeholder=\"\"  value=\"\" data-label=\"Num\u00e9ro de client CAIROX BELGIUM\" \/> <\/span> <\/div>\t\t\t\t\t\t\t\t\t<\/div>\n\t\t\t\t\t\t\t\t\t\t\t\t\t\t\t\t\t\t<div  data-field-id=\"ur_installer_ktcnr\" class=\"ur-field-item field-text \" data-ref-id=\"ur_installer_ktcnr\" data-field-pattern-enabled=\"0\" data-field-pattern-value=\" \" data-field-pattern-message=\"Please provide a valid value for this field.\">\n\t\t\t\t\t\t\t\t\t\t<div class=\"form-row \" id=\"ur_installer_ktcnr_field\" data-priority=\"\" ><label for=\"ur_installer_ktcnr\" class=\"ur-label\">Num\u00e9ro de certificat de r\u00e9frig\u00e9ration<\/label> <span class=\"input-wrapper\"> <input  data-rules=\"\" data-id=\"ur_installer_ktcnr\" type=\"text\" class=\"input-text  without_icon input-text ur-frontend-field  \" name=\"ur_installer_ktcnr\" id=\"ur_installer_ktcnr\" placeholder=\"\"  value=\"\" data-label=\"Num\u00e9ro de certificat de r\u00e9frig\u00e9ration\" \/> <\/span> <\/div>\t\t\t\t\t\t\t\t\t<\/div>\n\t\t\t\t\t\t\t\t\t\t\t\t\t\t\t\t\t\t<div  data-field-id=\"ur_installer_clientstype\" class=\"ur-field-item field-select \" data-ref-id=\"ur_installer_clientstype\" data-field-pattern-enabled=\"0\" data-field-pattern-value=\" \" data-field-pattern-message=\" \">\n\t\t\t\t\t\t\t\t\t\t<div class=\"form-row validate-required\" id=\"ur_installer_clientstype_field\" data-priority=\"\" ><label for=\"ur_installer_clientstype\" class=\"ur-label\">Je fais des installations chez <abbr class=\"required\" title=\"required\">*<\/abbr><\/label><select data-rules=\"\" data-id=\"ur_installer_clientstype\" name=\"ur_installer_clientstype\" id=\"ur_installer_clientstype\" class=\"ur-field-address-country select ur-frontend-field  \" required=\"required\" data-label=\"Je fais des installations chez\" data-default=\"beide\" data-allow_clear=\"true\" data-placeholder=\"\" data-state-enabled=\"\">\n\t\t\t\t\t<option value=\"particulieren\" >particulieren<\/option><option value=\"bedrijven\" >bedrijven<\/option><option value=\"beide\"  selected='selected'>beide<\/option>\n\t\t\t\t\t<\/select><\/div>\t\t\t\t\t\t\t\t\t<\/div>\n\t\t\t\t\t\t\t\t\t\t\t\t\t\t\t\t\t\t<div  data-field-id=\"ur_street\" class=\"ur-field-item field-text \" data-ref-id=\"ur_street\" data-field-pattern-enabled=\"0\" data-field-pattern-value=\" \" data-field-pattern-message=\"Ongeldige straat+nr.\">\n\t\t\t\t\t\t\t\t\t\t<div class=\"form-row validate-required\" id=\"ur_street_field\" data-priority=\"\" ><label for=\"ur_street\" class=\"ur-label\">Rue + num\u00e9ro <abbr class=\"required\" title=\"required\">*<\/abbr><\/label> <span class=\"input-wrapper\"> <input  data-rules=\"\" data-id=\"ur_street\" type=\"text\" class=\"input-text  without_icon input-text ur-frontend-field  \" name=\"ur_street\" id=\"ur_street\" placeholder=\"\"  value=\"\" required=\"required\" data-label=\"Rue + num\u00e9ro\" minlength=\"2\" \/> <\/span> <\/div>\t\t\t\t\t\t\t\t\t<\/div>\n\t\t\t\t\t\t\t\t\t\t\t\t\t\t\t\t\t\t<div  data-field-id=\"ur_postalcode\" class=\"ur-field-item field-text \" data-ref-id=\"ur_postalcode\" data-field-pattern-enabled=\"1\" data-field-pattern-value=\"^[a-zA-Z0-9]+$\" data-field-pattern-message=\"Ongeldige postcode\">\n\t\t\t\t\t\t\t\t\t\t<div class=\"form-row validate-required\" id=\"ur_postalcode_field\" data-priority=\"\" ><label for=\"ur_postalcode\" class=\"ur-label\">Code postal <abbr class=\"required\" title=\"required\">*<\/abbr><\/label> <span class=\"input-wrapper\"> <input  data-rules=\"\" data-id=\"ur_postalcode\" type=\"text\" class=\"input-text  without_icon input-text ur-frontend-field  \" name=\"ur_postalcode\" id=\"ur_postalcode\" placeholder=\"\"  value=\"\" required=\"required\" data-label=\"Code postal\" minlength=\"4\" \/> <\/span> <\/div>\t\t\t\t\t\t\t\t\t<\/div>\n\t\t\t\t\t\t\t\t\t\t\t\t\t\t\t\t\t\t<div  data-field-id=\"ur_location\" class=\"ur-field-item field-text \" data-ref-id=\"ur_location\" data-field-pattern-enabled=\"1\" data-field-pattern-value=\"^[a-zA-Z0-9- .]+$\" data-field-pattern-message=\"Ongeldige stad\/gemeente\">\n\t\t\t\t\t\t\t\t\t\t<div class=\"form-row validate-required\" id=\"ur_location_field\" data-priority=\"\" ><label for=\"ur_location\" class=\"ur-label\">Ville\/commune <abbr class=\"required\" title=\"required\">*<\/abbr><\/label> <span class=\"input-wrapper\"> <input  data-rules=\"\" data-id=\"ur_location\" type=\"text\" class=\"input-text  without_icon input-text ur-frontend-field  \" name=\"ur_location\" id=\"ur_location\" placeholder=\"\"  value=\"\" required=\"required\" data-label=\"Ville\/commune\" minlength=\"2\" \/> <\/span> <\/div>\t\t\t\t\t\t\t\t\t<\/div>\n\t\t\t\t\t\t\t\t\t\t\t\t\t\t\t\t\t\t<div  data-field-id=\"ur_country\" class=\"ur-field-item field-select \" data-ref-id=\"ur_country\" data-field-pattern-enabled=\"0\" data-field-pattern-value=\" \" data-field-pattern-message=\" \">\n\t\t\t\t\t\t\t\t\t\t<div class=\"form-row validate-required\" id=\"ur_country_field\" data-priority=\"\" ><label for=\"ur_country\" class=\"ur-label\">Pays <abbr class=\"required\" title=\"required\">*<\/abbr><\/label><select data-rules=\"\" data-id=\"ur_country\" name=\"ur_country\" id=\"ur_country\" class=\"ur-field-address-country select ur-frontend-field  \" required=\"required\" data-label=\"Pays\" data-default=\"Belgi\u00eb\" data-allow_clear=\"true\" data-placeholder=\"\" data-state-enabled=\"\">\n\t\t\t\t\t<option value=\"Belgi\u00eb\"  selected='selected'>Belgique<\/option><option value=\"Groothertogdom Luxemburg\" >Grand-Duch\u00e9 de Luxembourg<\/option>\n\t\t\t\t\t<\/select><\/div>\t\t\t\t\t\t\t\t\t<\/div>\n\t\t\t\t\t\t\t\t\t\t\t\t\t\t\t\t\t\t<div  data-field-id=\"ur_vatnr\" class=\"ur-field-item field-text \" data-ref-id=\"ur_vatnr\" data-field-pattern-enabled=\"1\" data-field-pattern-value=\"(BE-[0-1]{1}[0-9]{3}.[0-9]{3}.[0-9]{3}|LU-[0-9]{6}.[0-9]{2})\" data-field-pattern-message=\"Votre num\u00e9ro de TVA est invalide: BE-xxxx.xxx.xxx - LU-xxxxxx.xx\">\n\t\t\t\t\t\t\t\t\t\t<div class=\"form-row validate-required\" id=\"ur_vatnr_field\" data-priority=\"\" ><label for=\"ur_vatnr\" class=\"ur-label\">Num\u00e9ro de TVA <abbr class=\"required\" title=\"required\">*<\/abbr><span class=\"ur-portal-tooltip\" data-tip=\"(BE-xxxx.xxx.xxx - LU-xxxxxx.xx)\"><\/span><\/label> <span class=\"input-wrapper\"> <input  data-rules=\"\" data-id=\"ur_vatnr\" type=\"text\" class=\"input-text  without_icon input-text ur-frontend-field  \" name=\"ur_vatnr\" id=\"ur_vatnr\" placeholder=\"\"  value=\"\" required=\"required\" data-label=\"Num\u00e9ro de TVA\" \/> <\/span> <\/div>\t\t\t\t\t\t\t\t\t<\/div>\n\t\t\t\t\t\t\t\t\t\t\t\t\t\t\t\t<\/div>\n\t\t\t\t\t\t\t\t\t\t\t\t\t\t<div class=\"ur-form-grid ur-grid-2\"\n\t\t\t\t\t\t\t\tstyle=\"width:48%\">\n\t\t\t\t\t\t\t\t\t\t\t\t\t\t\t\t<div  data-field-id=\"register_title_2\" class=\"ur-field-item field-section_title \" data-ref-id=\"register_title_2\" data-field-pattern-enabled=\"0\" data-field-pattern-value=\" \" data-field-pattern-message=\" \">\n\t\t\t\t\t\t\t\t\t\t<h2 id=\"register_title_2\">Informations personnelles<\/h2> <input type=\"hidden\" data-rules=\"\" data-id=\"register_title_2\" value=\"\" class=\" ur-frontend-field  \" name=\"register_title_2\" id=\"register_title_2\" \/> \t\t\t\t\t\t\t\t\t<\/div>\n\t\t\t\t\t\t\t\t\t\t\t\t\t\t\t\t\t\t<div  data-field-id=\"first_name\" class=\"ur-field-item field-first_name \" data-ref-id=\"first_name\" data-field-pattern-enabled=\"0\" data-field-pattern-value=\" \" data-field-pattern-message=\"Ongeldige voornaam\">\n\t\t\t\t\t\t\t\t\t\t<div class=\"form-row validate-required\" id=\"first_name_field\" data-priority=\"\" ><label for=\"first_name\" class=\"ur-label\">Pr\u00e9nom <abbr class=\"required\" title=\"required\">*<\/abbr><\/label> <span class=\"input-wrapper\"> <input  data-rules=\"\" data-id=\"first_name\" type=\"text\" class=\"input-text  without_icon input-text ur-frontend-field  \" name=\"first_name\" id=\"first_name\" placeholder=\"\"  value=\"\" required=\"required\" data-label=\"Pr\u00e9nom\" minlength=\"2\" \/> <\/span> <\/div>\t\t\t\t\t\t\t\t\t<\/div>\n\t\t\t\t\t\t\t\t\t\t\t\t\t\t\t\t\t\t<div  data-field-id=\"last_name\" class=\"ur-field-item field-last_name \" data-ref-id=\"last_name\" data-field-pattern-enabled=\"0\" data-field-pattern-value=\" \" data-field-pattern-message=\"Ongeldige naam\">\n\t\t\t\t\t\t\t\t\t\t<div class=\"form-row validate-required\" id=\"last_name_field\" data-priority=\"\" ><label for=\"last_name\" class=\"ur-label\">Nom <abbr class=\"required\" title=\"required\">*<\/abbr><\/label> <span class=\"input-wrapper\"> <input  data-rules=\"\" data-id=\"last_name\" type=\"text\" class=\"input-text  without_icon input-text ur-frontend-field  \" name=\"last_name\" id=\"last_name\" placeholder=\"\"  value=\"\" required=\"required\" data-label=\"Nom\" minlength=\"2\" \/> <\/span> <\/div>\t\t\t\t\t\t\t\t\t<\/div>\n\t\t\t\t\t\t\t\t\t\t\t\t\t\t\t\t\t\t<div  data-field-id=\"um_phone\" class=\"ur-field-item field-text \" data-ref-id=\"um_phone\" data-field-pattern-enabled=\"1\" data-field-pattern-value=\"[0-9+()-. ]+\" data-field-pattern-message=\"Please provide a valid value for this field.\">\n\t\t\t\t\t\t\t\t\t\t<div class=\"form-row validate-required\" id=\"um_phone_field\" data-priority=\"\" ><label for=\"um_phone\" class=\"ur-label\">GSM <abbr class=\"required\" title=\"required\">*<\/abbr><\/label> <span class=\"input-wrapper\"> <input  data-rules=\"\" data-id=\"um_phone\" type=\"text\" class=\"input-text  without_icon input-text ur-frontend-field  \" name=\"um_phone\" id=\"um_phone\" placeholder=\"\"  value=\"\" required=\"required\" data-label=\"GSM\" \/> <\/span> <\/div>\t\t\t\t\t\t\t\t\t<\/div>\n\t\t\t\t\t\t\t\t\t\t\t\t\t\t\t\t\t\t<div  data-field-id=\"user_email\" class=\"ur-field-item field-user_email \" data-ref-id=\"user_email\" data-field-pattern-enabled=\"0\" data-field-pattern-value=\" \" data-field-pattern-message=\" \">\n\t\t\t\t\t\t\t\t\t\t<div class=\"form-row validate-required\" id=\"user_email_field\" data-priority=\"\" ><label for=\"user_email\" class=\"ur-label\">Adresse e-mail <abbr class=\"required\" title=\"required\">*<\/abbr><\/label> <span class=\"input-wrapper\"> <input  data-rules=\"\" data-id=\"user_email\" type=\"email\" class=\"input-text  without_icon input-email ur-frontend-field  \" name=\"user_email\" id=\"user_email\" placeholder=\"\"  value=\"\" required=\"required\" data-label=\"Adresse e-mail\" \/> <\/span> <\/div>\t\t\t\t\t\t\t\t\t<\/div>\n\t\t\t\t\t\t\t\t\t\t\t\t\t\t\t\t\t\t<div  data-field-id=\"um_preflang\" class=\"ur-field-item field-select \" data-ref-id=\"um_preflang\" data-field-pattern-enabled=\"0\" data-field-pattern-value=\" \" data-field-pattern-message=\" \">\n\t\t\t\t\t\t\t\t\t\t<div class=\"form-row validate-required\" id=\"um_preflang_field\" data-priority=\"\" ><label for=\"um_preflang\" class=\"ur-label\">Langue <abbr class=\"required\" title=\"required\">*<\/abbr><\/label><select data-rules=\"\" data-id=\"um_preflang\" name=\"um_preflang\" id=\"um_preflang\" class=\"ur-field-address-country select ur-frontend-field  \" required=\"required\" data-label=\"Langue\" data-default=\"NL\" data-allow_clear=\"true\" data-placeholder=\"\" data-state-enabled=\"\">\n\t\t\t\t\t<option value=\"NL\"  selected='selected'>NL<\/option><option value=\"FR\" >FR<\/option><option value=\"NL-FR\" >NL-FR<\/option><option value=\"FR-NL\" >FR-NL<\/option>\n\t\t\t\t\t<\/select><\/div>\t\t\t\t\t\t\t\t\t<\/div>\n\t\t\t\t\t\t\t\t\t\t\t\t\t\t\t\t\t\t<div  data-field-id=\"user_pass\" class=\"ur-field-item field-user_pass \" data-ref-id=\"user_pass\" data-field-pattern-enabled=\"0\" data-field-pattern-value=\" \" data-field-pattern-message=\"Please provide a valid value for this field.\">\n\t\t\t\t\t\t\t\t\t\t<div class=\"form-row validate-required hide_show_password\" id=\"user_pass_field\" data-priority=\"\"><label for=\"user_pass\" class=\"ur-label\">Mot de passe <abbr class=\"required\" title=\"required\">*<\/abbr><\/label> <span class=\"input-wrapper\"> <span class=\"password-input-group input-form-field-icons\"><input data-rules=\"\" data-id=\"user_pass\" type=\"password\" class=\"input-text without_icon input-password ur-frontend-field  \" name=\"user_pass\" id=\"user_pass\" placeholder=\"\"  value=\"\" required=\"required\" data-label=\"Mot de passe\" \/><a href=\"javaScript:void(0)\" class=\"password_preview dashicons dashicons-hidden\" title=\" Show password \"><\/a><\/span> <\/span> <\/div>\t\t\t\t\t\t\t\t\t<\/div>\n\t\t\t\t\t\t\t\t\t\t\t\t\t\t\t\t\t\t<div  data-field-id=\"user_confirm_password\" class=\"ur-field-item field-user_confirm_password \" data-ref-id=\"user_confirm_password\" data-field-pattern-enabled=\"0\" data-field-pattern-value=\" \" data-field-pattern-message=\" \">\n\t\t\t\t\t\t\t\t\t\t<div class=\"form-row validate-required hide_show_password\" id=\"user_confirm_password_field\" data-priority=\"\"><label for=\"user_confirm_password\" class=\"ur-label\">Confirmer mot de passe <abbr class=\"required\" title=\"required\">*<\/abbr><\/label> <span class=\"input-wrapper\"> <span class=\"password-input-group input-form-field-icons\"><input data-rules=\"\" data-id=\"user_confirm_password\" type=\"password\" class=\"input-text without_icon input-password ur-frontend-field  \" name=\"user_confirm_password\" id=\"user_confirm_password\" placeholder=\"\"  value=\"\" required=\"required\" data-label=\"Confirmer mot de passe\" \/><a href=\"javaScript:void(0)\" class=\"password_preview dashicons dashicons-hidden\" title=\" Show password \"><\/a><\/span> <\/span> <\/div>\t\t\t\t\t\t\t\t\t<\/div>\n\t\t\t\t\t\t\t\t\t\t\t\t\t\t\t\t<\/div>\n\t\t\t\t\t\t\t\t\t\t\t\t\t<\/div>\n\t\t\t\t\t\t\t\t\t\t\t\t<div id=\"ur-recaptcha-node\"> <div id=\"node_recaptcha_register\" class=\"g-recaptcha\"><\/div><\/div>\t\t\t\t\t\t<div class=\"ur-button-container \" >\n\t\t\t\t\t\t\t\t\t\t\t\t\t\t<button type=\"submit\" class=\"btn button ur-submit-button submit\"  conditional_rules=\"&quot;&quot;\">\n\t\t\t\t\t\t\t\t<span><\/span>\n\t\t\t\t\t\t\t\tS&#039;enregistrer\t\t\t\t\t\t\t<\/button>\n\t\t\t\t\t\t\t\t\t\t\t\t\t\t\t\t\t\t\t\t<\/div>\n\t\t\t\t\t\t\n\t\t\t\t<div style=\"clear:both\"><\/div>\n\t\t\t\t\t\t\t\t<input type=\"hidden\" name=\"ur-registration-language\" value=\"fr\"\/>\n\t\t\t\t<input type=\"hidden\" name=\"ur-user-form-id\" value=\"473\"\/>\n\t\t\t\t<input type=\"hidden\" name=\"ur-redirect-url\" value=\"\"\/>\n\t\t\t\t<input type=\"hidden\" id=\"ur_frontend_form_nonce\" name=\"ur_frontend_form_nonce\" value=\"bd1f1dcf21\" \/>\n\t\t\t\t\n\t\t\t<\/form>\n\t\t\t\n\t\t<div style=\"clear:both\"><\/div>\n\t<\/div>\n\n\n<\/div><\/div>\n<\/div>\n<\/div>\n\n<div class=\"et_pb_row_1 et_pb_row et_flex_row\">\n<div class=\"et_pb_column_1 et_pb_column et-last-child et_flex_column et_pb_css_mix_blend_mode_passthrough et_flex_column_24_24 et_flex_column_24_24_tablet et_flex_column_24_24_phone\">\n<div class=\"et_pb_text_2 et_pb_text et_pb_bg_layout_dark et_pb_module et_block_module\"><div class=\"et_pb_text_inner\"><h4>Pourquoi choisir notre r\u00e9seau de partenaires ?<\/h4>\n<\/div><\/div>\n\n<div class=\"et_pb_blurb_0 et_pb_blurb et_pb_bg_layout_dark et_pb_blurb_position_left et_pb_module et_block_module\"><div class=\"et_pb_blurb_content\"><div class=\"et_pb_main_blurb_image\"><span class=\"et_pb_image_wrap\"><span class=\"et-pb-icon\">\uf45c<\/span><\/span><\/div><div class=\"et_pb_blurb_container\"><h4 class=\"et_pb_module_header\">Assistance technique et expertise \u00e0 tout moment<\/h4><\/div><\/div><\/div>\n\n<div class=\"et_pb_blurb_1 et_pb_blurb et_pb_bg_layout_dark et_pb_blurb_position_left et_pb_module et_block_module\"><div class=\"et_pb_blurb_content\"><div class=\"et_pb_main_blurb_image\"><span class=\"et_pb_image_wrap\"><span class=\"et-pb-icon\">\uf45c<\/span><\/span><\/div><div class=\"et_pb_blurb_container\"><h4 class=\"et_pb_module_header\">Support marketing sur mesure<\/h4><\/div><\/div><\/div>\n\n<div class=\"et_pb_blurb_2 et_pb_blurb et_pb_bg_layout_dark et_pb_blurb_position_left et_pb_module et_block_module\"><div class=\"et_pb_blurb_content\"><div class=\"et_pb_main_blurb_image\"><span class=\"et_pb_image_wrap\"><span class=\"et-pb-icon\">\uf45c<\/span><\/span><\/div><div class=\"et_pb_blurb_container\"><h4 class=\"et_pb_module_header\">Conditions de garantie avantageuses<\/h4><\/div><\/div><\/div>\n<\/div>\n<\/div>\n<\/div>","protected":false},"excerpt":{"rendered":"","protected":false},"author":1,"featured_media":0,"parent":0,"menu_order":0,"comment_status":"closed","ping_status":"closed","template":"","meta":{"_acf_changed":false,"footnotes":""},"class_list":["post-665","page","type-page","status-publish","hentry"],"acf":[],"yoast_head":"<!-- This site is optimized with the Yoast SEO plugin v27.3 - https:\/\/yoast.com\/product\/yoast-seo-wordpress\/ -->\n<title>Registre des installateurs - Airvance solutions<\/title>\n<meta name=\"robots\" content=\"index, follow, max-snippet:-1, max-image-preview:large, max-video-preview:-1\" \/>\n<link rel=\"canonical\" href=\"https:\/\/airvance-solutions.be\/fr\/registre-des-installateurs\/\" \/>\n<meta property=\"og:locale\" content=\"fr_FR\" \/>\n<meta property=\"og:type\" content=\"article\" \/>\n<meta property=\"og:title\" content=\"Registre des installateurs - Airvance solutions\" \/>\n<meta property=\"og:url\" content=\"https:\/\/airvance-solutions.be\/fr\/registre-des-installateurs\/\" \/>\n<meta property=\"og:site_name\" content=\"Airvance solutions\" \/>\n<meta property=\"article:modified_time\" content=\"2026-01-06T10:56:37+00:00\" \/>\n<meta name=\"twitter:card\" content=\"summary_large_image\" \/>\n<script type=\"application\/ld+json\" class=\"yoast-schema-graph\">{\"@context\":\"https:\\\/\\\/schema.org\",\"@graph\":[{\"@type\":\"WebPage\",\"@id\":\"https:\\\/\\\/airvance-solutions.be\\\/fr\\\/registre-des-installateurs\\\/\",\"url\":\"https:\\\/\\\/airvance-solutions.be\\\/fr\\\/registre-des-installateurs\\\/\",\"name\":\"Registre des installateurs - Airvance solutions\",\"isPartOf\":{\"@id\":\"https:\\\/\\\/airvance-solutions.be\\\/#website\"},\"datePublished\":\"2025-09-08T08:07:10+00:00\",\"dateModified\":\"2026-01-06T10:56:37+00:00\",\"breadcrumb\":{\"@id\":\"https:\\\/\\\/airvance-solutions.be\\\/fr\\\/registre-des-installateurs\\\/#breadcrumb\"},\"inLanguage\":\"fr-FR\",\"potentialAction\":[{\"@type\":\"ReadAction\",\"target\":[\"https:\\\/\\\/airvance-solutions.be\\\/fr\\\/registre-des-installateurs\\\/\"]}]},{\"@type\":\"BreadcrumbList\",\"@id\":\"https:\\\/\\\/airvance-solutions.be\\\/fr\\\/registre-des-installateurs\\\/#breadcrumb\",\"itemListElement\":[{\"@type\":\"ListItem\",\"position\":1,\"name\":\"Home\",\"item\":\"https:\\\/\\\/airvance-solutions.be\\\/fr\\\/\"},{\"@type\":\"ListItem\",\"position\":2,\"name\":\"Registre des installateurs\"}]},{\"@type\":\"WebSite\",\"@id\":\"https:\\\/\\\/airvance-solutions.be\\\/#website\",\"url\":\"https:\\\/\\\/airvance-solutions.be\\\/\",\"name\":\"Airvance solutions\",\"description\":\"Improving Air Because We Care\",\"publisher\":{\"@id\":\"https:\\\/\\\/airvance-solutions.be\\\/#organization\"},\"potentialAction\":[{\"@type\":\"SearchAction\",\"target\":{\"@type\":\"EntryPoint\",\"urlTemplate\":\"https:\\\/\\\/airvance-solutions.be\\\/?s={search_term_string}\"},\"query-input\":{\"@type\":\"PropertyValueSpecification\",\"valueRequired\":true,\"valueName\":\"search_term_string\"}}],\"inLanguage\":\"fr-FR\"},{\"@type\":\"Organization\",\"@id\":\"https:\\\/\\\/airvance-solutions.be\\\/#organization\",\"name\":\"Airvance solutions\",\"url\":\"https:\\\/\\\/airvance-solutions.be\\\/\",\"logo\":{\"@type\":\"ImageObject\",\"inLanguage\":\"fr-FR\",\"@id\":\"https:\\\/\\\/airvance-solutions.be\\\/#\\\/schema\\\/logo\\\/image\\\/\",\"url\":\"https:\\\/\\\/airvance-solutions.be\\\/wp-content\\\/uploads\\\/2025\\\/09\\\/airvance_log-rvb-web-3.webp\",\"contentUrl\":\"https:\\\/\\\/airvance-solutions.be\\\/wp-content\\\/uploads\\\/2025\\\/09\\\/airvance_log-rvb-web-3.webp\",\"width\":582,\"height\":133,\"caption\":\"Airvance solutions\"},\"image\":{\"@id\":\"https:\\\/\\\/airvance-solutions.be\\\/#\\\/schema\\\/logo\\\/image\\\/\"}}]}<\/script>\n<!-- \/ Yoast SEO plugin. -->","yoast_head_json":{"title":"Registre des installateurs - Airvance solutions","robots":{"index":"index","follow":"follow","max-snippet":"max-snippet:-1","max-image-preview":"max-image-preview:large","max-video-preview":"max-video-preview:-1"},"canonical":"https:\/\/airvance-solutions.be\/fr\/registre-des-installateurs\/","og_locale":"fr_FR","og_type":"article","og_title":"Registre des installateurs - Airvance solutions","og_url":"https:\/\/airvance-solutions.be\/fr\/registre-des-installateurs\/","og_site_name":"Airvance solutions","article_modified_time":"2026-01-06T10:56:37+00:00","twitter_card":"summary_large_image","schema":{"@context":"https:\/\/schema.org","@graph":[{"@type":"WebPage","@id":"https:\/\/airvance-solutions.be\/fr\/registre-des-installateurs\/","url":"https:\/\/airvance-solutions.be\/fr\/registre-des-installateurs\/","name":"Registre des installateurs - Airvance solutions","isPartOf":{"@id":"https:\/\/airvance-solutions.be\/#website"},"datePublished":"2025-09-08T08:07:10+00:00","dateModified":"2026-01-06T10:56:37+00:00","breadcrumb":{"@id":"https:\/\/airvance-solutions.be\/fr\/registre-des-installateurs\/#breadcrumb"},"inLanguage":"fr-FR","potentialAction":[{"@type":"ReadAction","target":["https:\/\/airvance-solutions.be\/fr\/registre-des-installateurs\/"]}]},{"@type":"BreadcrumbList","@id":"https:\/\/airvance-solutions.be\/fr\/registre-des-installateurs\/#breadcrumb","itemListElement":[{"@type":"ListItem","position":1,"name":"Home","item":"https:\/\/airvance-solutions.be\/fr\/"},{"@type":"ListItem","position":2,"name":"Registre des installateurs"}]},{"@type":"WebSite","@id":"https:\/\/airvance-solutions.be\/#website","url":"https:\/\/airvance-solutions.be\/","name":"Airvance solutions","description":"Improving Air Because We Care","publisher":{"@id":"https:\/\/airvance-solutions.be\/#organization"},"potentialAction":[{"@type":"SearchAction","target":{"@type":"EntryPoint","urlTemplate":"https:\/\/airvance-solutions.be\/?s={search_term_string}"},"query-input":{"@type":"PropertyValueSpecification","valueRequired":true,"valueName":"search_term_string"}}],"inLanguage":"fr-FR"},{"@type":"Organization","@id":"https:\/\/airvance-solutions.be\/#organization","name":"Airvance solutions","url":"https:\/\/airvance-solutions.be\/","logo":{"@type":"ImageObject","inLanguage":"fr-FR","@id":"https:\/\/airvance-solutions.be\/#\/schema\/logo\/image\/","url":"https:\/\/airvance-solutions.be\/wp-content\/uploads\/2025\/09\/airvance_log-rvb-web-3.webp","contentUrl":"https:\/\/airvance-solutions.be\/wp-content\/uploads\/2025\/09\/airvance_log-rvb-web-3.webp","width":582,"height":133,"caption":"Airvance solutions"},"image":{"@id":"https:\/\/airvance-solutions.be\/#\/schema\/logo\/image\/"}}]}},"_links":{"self":[{"href":"https:\/\/airvance-solutions.be\/fr\/wp-json\/wp\/v2\/pages\/665","targetHints":{"allow":["GET"]}}],"collection":[{"href":"https:\/\/airvance-solutions.be\/fr\/wp-json\/wp\/v2\/pages"}],"about":[{"href":"https:\/\/airvance-solutions.be\/fr\/wp-json\/wp\/v2\/types\/page"}],"author":[{"embeddable":true,"href":"https:\/\/airvance-solutions.be\/fr\/wp-json\/wp\/v2\/users\/1"}],"replies":[{"embeddable":true,"href":"https:\/\/airvance-solutions.be\/fr\/wp-json\/wp\/v2\/comments?post=665"}],"version-history":[{"count":2,"href":"https:\/\/airvance-solutions.be\/fr\/wp-json\/wp\/v2\/pages\/665\/revisions"}],"predecessor-version":[{"id":107472,"href":"https:\/\/airvance-solutions.be\/fr\/wp-json\/wp\/v2\/pages\/665\/revisions\/107472"}],"wp:attachment":[{"href":"https:\/\/airvance-solutions.be\/fr\/wp-json\/wp\/v2\/media?parent=665"}],"curies":[{"name":"wp","href":"https:\/\/api.w.org\/{rel}","templated":true}]}}