	{"id":661,"date":"2025-09-11T14:13:25","date_gmt":"2025-09-11T12:13:25","guid":{"rendered":"https:\/\/airvance-solutions.be\/accueil\/"},"modified":"2026-01-06T15:25:29","modified_gmt":"2026-01-06T14:25:29","slug":"accueil","status":"publish","type":"page","link":"https:\/\/airvance-solutions.be\/fr\/","title":{"rendered":"Accueil"},"content":{"rendered":"<div class=\"et_pb_section_0 et_pb_section et_section_regular et_flex_section\">\n<div class=\"et_pb_row_0 et_pb_row et_flex_row\">\n<div class=\"et_pb_column_0 et_pb_column et-last-child et_flex_column et_pb_css_mix_blend_mode_passthrough et_flex_column_24_24 et_flex_column_24_24_tablet et_flex_column_24_24_phone\">\n<div class=\"et_pb_text_0 et_pb_text et_pb_bg_layout_light et_pb_module et_block_module\"><div class=\"et_pb_text_inner\"><h1>Bienvenue chez Airvance Solutions<\/h1>\n<\/div><\/div>\n\n<div class=\"et_pb_text_1 et_pb_text et_pb_bg_layout_light et_pb_module et_block_module\"><div class=\"et_pb_text_inner\"><p>En tant qu'expert en gestion climatique, nous mettons 30 ans d'exp\u00e9rience \u00e0 profit pour fournir \u00e0 chaque projet, de l'appartement \u00e0 l'immeuble de bureaux, un chauffage et un refroidissement durables.<\/p>\n<p>Avec nos marques propres R-AQUA et R-4LIVING et en tant que distributeur exclusif de Fujitsu Airstage en Belgique, nous proposons des solutions sur mesure de qualit\u00e9. Nous assurons un confort sans souci avec une garantie \u00e9tendue sur nos produits et une installation professionnelle par notre r\u00e9seau d'installateurs agr\u00e9\u00e9s. <\/p>\n<\/div><\/div>\n<\/div>\n<\/div>\n\n<div class=\"et_pb_row_1 et_pb_row et_flex_row\">\n<div class=\"et_pb_column_1 et_pb_column et_flex_column et_pb_css_mix_blend_mode_passthrough et_flex_column_8_24 et_flex_column_8_24_tablet et_flex_column_24_24_phone\">\n<div class=\"et_pb_blurb_0 et_pb_blurb et_pb_bg_layout_light et_pb_blurb_position_top et_animated et_clickable et_pb_module et_block_module\"><div class=\"et_pb_blurb_content\"><div class=\"et_pb_main_blurb_image\"><span class=\"et_pb_image_wrap et_pb_only_image_mode_wrap\"><img loading=\"lazy\" decoding=\"async\" src=\"https:\/\/airvance-solutions.be\/wp-content\/uploads\/2025\/09\/R4LIVING-Quadri-01-scaled.png\" width=\"2560\" height=\"391\" srcset=\"https:\/\/airvance-solutions.be\/wp-content\/uploads\/2025\/09\/R4LIVING-Quadri-01-scaled.png 2560w, https:\/\/airvance-solutions.be\/wp-content\/uploads\/2025\/09\/R4LIVING-Quadri-01-1280x196.png 1280w, https:\/\/airvance-solutions.be\/wp-content\/uploads\/2025\/09\/R4LIVING-Quadri-01-980x150.png 980w, https:\/\/airvance-solutions.be\/wp-content\/uploads\/2025\/09\/R4LIVING-Quadri-01-480x73.png 480w\" sizes=\"(min-width: 0px) and (max-width: 480px) 480px, (min-width: 481px) and (max-width: 980px) 980px, (min-width: 981px) and (max-width: 1280px) 1280px, (min-width: 1281px) 2560px, 100vw\" class=\"wp-image-520\" \/><\/span><\/div><div class=\"et_pb_blurb_container\"><div class=\"et_pb_blurb_description\"><p>Pompes \u00e0 chaleur air-air avec un rapport qualit\u00e9-prix optimal. <\/p>\n<\/div><\/div><\/div><\/div>\n\n<div class=\"et_pb_text_2 et_pb_text et_pb_bg_layout_light et_pb_module et_block_module\"><div class=\"et_pb_text_inner\"><p><a href=\"https:\/\/r-4living.be\/fr\/\">Visitez R-4LIVING.be<\/a><\/p>\n<\/div><\/div>\n<\/div>\n\n<div class=\"et_pb_column_2 et_pb_column et_flex_column et_pb_css_mix_blend_mode_passthrough et_flex_column_8_24 et_flex_column_8_24_tablet et_flex_column_24_24_phone\">\n<div class=\"et_pb_blurb_1 et_pb_blurb et_pb_bg_layout_light et_pb_blurb_position_top et_animated et_clickable et_pb_module et_block_module\"><div class=\"et_pb_blurb_content\"><div class=\"et_pb_main_blurb_image\"><span class=\"et_pb_image_wrap et_pb_only_image_mode_wrap\"><img loading=\"lazy\" decoding=\"async\" src=\"https:\/\/airvance-solutions.be\/wp-content\/uploads\/2025\/09\/R-AQUA-quadri-01-scaled.png\" width=\"2560\" height=\"634\" srcset=\"https:\/\/airvance-solutions.be\/wp-content\/uploads\/2025\/09\/R-AQUA-quadri-01-scaled.png 2560w, https:\/\/airvance-solutions.be\/wp-content\/uploads\/2025\/09\/R-AQUA-quadri-01-1280x317.png 1280w, https:\/\/airvance-solutions.be\/wp-content\/uploads\/2025\/09\/R-AQUA-quadri-01-980x243.png 980w, https:\/\/airvance-solutions.be\/wp-content\/uploads\/2025\/09\/R-AQUA-quadri-01-480x119.png 480w\" sizes=\"(min-width: 0px) and (max-width: 480px) 480px, (min-width: 481px) and (max-width: 980px) 980px, (min-width: 981px) and (max-width: 1280px) 1280px, (min-width: 1281px) 2560px, 100vw\" class=\"wp-image-521\" \/><\/span><\/div><div class=\"et_pb_blurb_container\"><div class=\"et_pb_blurb_description\"><p>Pompes \u00e0 chaleur air-eau et chauffe-eau thermodynamiques innovants.<\/p>\n<\/div><\/div><\/div><\/div>\n\n<div class=\"et_pb_text_3 et_pb_text et_pb_bg_layout_light et_pb_module et_block_module\"><div class=\"et_pb_text_inner\"><p><a href=\"https:\/\/r-aqua.be\/fr\/\">Visitez R-AQUA.be<\/a><\/p>\n<\/div><\/div>\n<\/div>\n\n<div class=\"et_pb_column_3 et_pb_column et-last-child et_flex_column et_pb_css_mix_blend_mode_passthrough et_flex_column_8_24 et_flex_column_8_24_tablet et_flex_column_24_24_phone\">\n<div class=\"et_pb_blurb_2 et_pb_blurb et_pb_bg_layout_light et_pb_blurb_position_top et_animated et_clickable et_pb_module et_block_module\"><div class=\"et_pb_blurb_content\"><div class=\"et_pb_main_blurb_image\"><span class=\"et_pb_image_wrap et_pb_only_image_mode_wrap\"><img loading=\"lazy\" decoding=\"async\" src=\"https:\/\/airvance-solutions.be\/wp-content\/uploads\/2025\/09\/fujitsu-airstage.png\" width=\"350\" height=\"150\" srcset=\"https:\/\/airvance-solutions.be\/wp-content\/uploads\/2025\/09\/fujitsu-airstage.png 350w, https:\/\/airvance-solutions.be\/wp-content\/uploads\/2025\/09\/fujitsu-airstage-300x129.png 300w\" sizes=\"(max-width: 350px) 100vw, 350px\" class=\"wp-image-522\" \/><\/span><\/div><div class=\"et_pb_blurb_container\"><div class=\"et_pb_blurb_description\"><p>Syst\u00e8mes de climatisation avanc\u00e9s pour un confort maximal et une efficacit\u00e9 \u00e9nerg\u00e9tique.<\/p>\n<\/div><\/div><\/div><\/div>\n\n<div class=\"et_pb_text_4 et_pb_text et_pb_bg_layout_light et_pb_module et_block_module\"><div class=\"et_pb_text_inner\"><p><a href=\"https:\/\/fujitsu-airstage.be\/fr\/\">Visitez fujitsu-airstage.be<\/a><\/p>\n<\/div><\/div>\n<\/div>\n<\/div>\n\n<div class=\"et_pb_row_2 et_pb_row et_flex_row\">\n<div class=\"et_pb_column_4 et_pb_column et-last-child et_flex_column et_pb_css_mix_blend_mode_passthrough et_flex_column_24_24 et_flex_column_24_24_tablet et_flex_column_24_24_phone\">\n<div class=\"et_pb_text_5 et_pb_text et_pb_bg_layout_light et_pb_module et_block_module\"><div class=\"et_pb_text_inner\"><p>Airvance Group est un concepteur, fabricant et distributeur sp\u00e9cialis\u00e9 de syst\u00e8mes de traitement de l'air et d'isolation dans les b\u00e2timents. <br \/>Pr\u00e9sents dans toute l'Europe, nous concevons et fournissons des produits et services qui combinent confort, qualit\u00e9 de l'air et efficacit\u00e9 \u00e9nerg\u00e9tique.<\/p>\n<p>Optez pour la qualit\u00e9, l'innovation et le partenariat&nbsp;!<\/p>\n<\/div><\/div>\n<\/div>\n<\/div>\n<\/div>","protected":false},"excerpt":{"rendered":"","protected":false},"author":1,"featured_media":0,"parent":0,"menu_order":0,"comment_status":"closed","ping_status":"closed","template":"","meta":{"_acf_changed":false,"footnotes":""},"class_list":["post-661","page","type-page","status-publish","hentry"],"acf":[],"yoast_head":"<!-- This site is optimized with the Yoast SEO plugin v27.3 - https:\/\/yoast.com\/product\/yoast-seo-wordpress\/ -->\n<title>Accueil - Airvance solutions<\/title>\n<meta name=\"robots\" content=\"index, follow, max-snippet:-1, max-image-preview:large, max-video-preview:-1\" \/>\n<link rel=\"canonical\" href=\"https:\/\/airvance-solutions.be\/fr\/\" \/>\n<meta property=\"og:locale\" content=\"fr_FR\" \/>\n<meta property=\"og:type\" content=\"article\" \/>\n<meta property=\"og:title\" content=\"Accueil - Airvance solutions\" \/>\n<meta property=\"og:url\" content=\"https:\/\/airvance-solutions.be\/fr\/\" \/>\n<meta property=\"og:site_name\" content=\"Airvance solutions\" \/>\n<meta property=\"article:modified_time\" content=\"2026-01-06T14:25:29+00:00\" \/>\n<meta name=\"twitter:card\" content=\"summary_large_image\" \/>\n<script type=\"application\/ld+json\" class=\"yoast-schema-graph\">{\"@context\":\"https:\\\/\\\/schema.org\",\"@graph\":[{\"@type\":\"WebPage\",\"@id\":\"https:\\\/\\\/airvance-solutions.be\\\/fr\\\/\",\"url\":\"https:\\\/\\\/airvance-solutions.be\\\/fr\\\/\",\"name\":\"Accueil - Airvance solutions\",\"isPartOf\":{\"@id\":\"https:\\\/\\\/airvance-solutions.be\\\/#website\"},\"datePublished\":\"2025-09-11T12:13:25+00:00\",\"dateModified\":\"2026-01-06T14:25:29+00:00\",\"breadcrumb\":{\"@id\":\"https:\\\/\\\/airvance-solutions.be\\\/fr\\\/#breadcrumb\"},\"inLanguage\":\"fr-FR\",\"potentialAction\":[{\"@type\":\"ReadAction\",\"target\":[\"https:\\\/\\\/airvance-solutions.be\\\/fr\\\/\"]}]},{\"@type\":\"BreadcrumbList\",\"@id\":\"https:\\\/\\\/airvance-solutions.be\\\/fr\\\/#breadcrumb\",\"itemListElement\":[{\"@type\":\"ListItem\",\"position\":1,\"name\":\"Home\",\"item\":\"https:\\\/\\\/airvance-solutions.be\\\/fr\\\/\"},{\"@type\":\"ListItem\",\"position\":2,\"name\":\"Accueil\"}]},{\"@type\":\"WebSite\",\"@id\":\"https:\\\/\\\/airvance-solutions.be\\\/#website\",\"url\":\"https:\\\/\\\/airvance-solutions.be\\\/\",\"name\":\"Airvance solutions\",\"description\":\"Improving Air Because We Care\",\"publisher\":{\"@id\":\"https:\\\/\\\/airvance-solutions.be\\\/#organization\"},\"potentialAction\":[{\"@type\":\"SearchAction\",\"target\":{\"@type\":\"EntryPoint\",\"urlTemplate\":\"https:\\\/\\\/airvance-solutions.be\\\/?s={search_term_string}\"},\"query-input\":{\"@type\":\"PropertyValueSpecification\",\"valueRequired\":true,\"valueName\":\"search_term_string\"}}],\"inLanguage\":\"fr-FR\"},{\"@type\":\"Organization\",\"@id\":\"https:\\\/\\\/airvance-solutions.be\\\/#organization\",\"name\":\"Airvance solutions\",\"url\":\"https:\\\/\\\/airvance-solutions.be\\\/\",\"logo\":{\"@type\":\"ImageObject\",\"inLanguage\":\"fr-FR\",\"@id\":\"https:\\\/\\\/airvance-solutions.be\\\/#\\\/schema\\\/logo\\\/image\\\/\",\"url\":\"https:\\\/\\\/airvance-solutions.be\\\/wp-content\\\/uploads\\\/2025\\\/09\\\/airvance_log-rvb-web-3.webp\",\"contentUrl\":\"https:\\\/\\\/airvance-solutions.be\\\/wp-content\\\/uploads\\\/2025\\\/09\\\/airvance_log-rvb-web-3.webp\",\"width\":582,\"height\":133,\"caption\":\"Airvance solutions\"},\"image\":{\"@id\":\"https:\\\/\\\/airvance-solutions.be\\\/#\\\/schema\\\/logo\\\/image\\\/\"}}]}<\/script>\n<!-- \/ Yoast SEO plugin. -->","yoast_head_json":{"title":"Accueil - Airvance solutions","robots":{"index":"index","follow":"follow","max-snippet":"max-snippet:-1","max-image-preview":"max-image-preview:large","max-video-preview":"max-video-preview:-1"},"canonical":"https:\/\/airvance-solutions.be\/fr\/","og_locale":"fr_FR","og_type":"article","og_title":"Accueil - Airvance solutions","og_url":"https:\/\/airvance-solutions.be\/fr\/","og_site_name":"Airvance solutions","article_modified_time":"2026-01-06T14:25:29+00:00","twitter_card":"summary_large_image","schema":{"@context":"https:\/\/schema.org","@graph":[{"@type":"WebPage","@id":"https:\/\/airvance-solutions.be\/fr\/","url":"https:\/\/airvance-solutions.be\/fr\/","name":"Accueil - Airvance solutions","isPartOf":{"@id":"https:\/\/airvance-solutions.be\/#website"},"datePublished":"2025-09-11T12:13:25+00:00","dateModified":"2026-01-06T14:25:29+00:00","breadcrumb":{"@id":"https:\/\/airvance-solutions.be\/fr\/#breadcrumb"},"inLanguage":"fr-FR","potentialAction":[{"@type":"ReadAction","target":["https:\/\/airvance-solutions.be\/fr\/"]}]},{"@type":"BreadcrumbList","@id":"https:\/\/airvance-solutions.be\/fr\/#breadcrumb","itemListElement":[{"@type":"ListItem","position":1,"name":"Home","item":"https:\/\/airvance-solutions.be\/fr\/"},{"@type":"ListItem","position":2,"name":"Accueil"}]},{"@type":"WebSite","@id":"https:\/\/airvance-solutions.be\/#website","url":"https:\/\/airvance-solutions.be\/","name":"Airvance solutions","description":"Improving Air Because We Care","publisher":{"@id":"https:\/\/airvance-solutions.be\/#organization"},"potentialAction":[{"@type":"SearchAction","target":{"@type":"EntryPoint","urlTemplate":"https:\/\/airvance-solutions.be\/?s={search_term_string}"},"query-input":{"@type":"PropertyValueSpecification","valueRequired":true,"valueName":"search_term_string"}}],"inLanguage":"fr-FR"},{"@type":"Organization","@id":"https:\/\/airvance-solutions.be\/#organization","name":"Airvance solutions","url":"https:\/\/airvance-solutions.be\/","logo":{"@type":"ImageObject","inLanguage":"fr-FR","@id":"https:\/\/airvance-solutions.be\/#\/schema\/logo\/image\/","url":"https:\/\/airvance-solutions.be\/wp-content\/uploads\/2025\/09\/airvance_log-rvb-web-3.webp","contentUrl":"https:\/\/airvance-solutions.be\/wp-content\/uploads\/2025\/09\/airvance_log-rvb-web-3.webp","width":582,"height":133,"caption":"Airvance solutions"},"image":{"@id":"https:\/\/airvance-solutions.be\/#\/schema\/logo\/image\/"}}]}},"_links":{"self":[{"href":"https:\/\/airvance-solutions.be\/fr\/wp-json\/wp\/v2\/pages\/661","targetHints":{"allow":["GET"]}}],"collection":[{"href":"https:\/\/airvance-solutions.be\/fr\/wp-json\/wp\/v2\/pages"}],"about":[{"href":"https:\/\/airvance-solutions.be\/fr\/wp-json\/wp\/v2\/types\/page"}],"author":[{"embeddable":true,"href":"https:\/\/airvance-solutions.be\/fr\/wp-json\/wp\/v2\/users\/1"}],"replies":[{"embeddable":true,"href":"https:\/\/airvance-solutions.be\/fr\/wp-json\/wp\/v2\/comments?post=661"}],"version-history":[{"count":14,"href":"https:\/\/airvance-solutions.be\/fr\/wp-json\/wp\/v2\/pages\/661\/revisions"}],"predecessor-version":[{"id":107495,"href":"https:\/\/airvance-solutions.be\/fr\/wp-json\/wp\/v2\/pages\/661\/revisions\/107495"}],"wp:attachment":[{"href":"https:\/\/airvance-solutions.be\/fr\/wp-json\/wp\/v2\/media?parent=661"}],"curies":[{"name":"wp","href":"https:\/\/api.w.org\/{rel}","templated":true}]}}